{"id":11598,"date":"2020-04-20T11:18:18","date_gmt":"2020-04-20T09:18:18","guid":{"rendered":"http:\/\/laatutie.fi\/?page_id=11598"},"modified":"2020-08-27T09:51:15","modified_gmt":"2020-08-27T07:51:15","slug":"tietosuojalauseke","status":"publish","type":"page","link":"https:\/\/laatutie.fi\/?page_id=11598","title":{"rendered":"Tietosuojalauseke"},"content":{"rendered":"\t\t<div data-elementor-type=\"wp-page\" data-elementor-id=\"11598\" class=\"elementor elementor-11598\">\n\t\t\t\t\t\t<section class=\"elementor-section elementor-top-section elementor-element elementor-element-4acdf27 elementor-section-boxed elementor-section-height-default elementor-section-height-default\" data-id=\"4acdf27\" data-element_type=\"section\">\n\t\t\t\t\t\t<div class=\"elementor-container elementor-column-gap-default\">\n\t\t\t\t\t<div class=\"elementor-column elementor-col-100 elementor-top-column elementor-element elementor-element-638af3f\" data-id=\"638af3f\" data-element_type=\"column\">\n\t\t\t<div class=\"elementor-widget-wrap elementor-element-populated\">\n\t\t\t\t\t\t<div class=\"elementor-element elementor-element-088da9c elementor-widget elementor-widget-heading\" data-id=\"088da9c\" data-element_type=\"widget\" data-widget_type=\"heading.default\">\n\t\t\t\t<div class=\"elementor-widget-container\">\n\t\t\t\t\t<h2 class=\"elementor-heading-title elementor-size-default\">Tietosuojalauseke ja ev\u00e4stek\u00e4yt\u00e4nteet<\/h2>\t\t\t\t<\/div>\n\t\t\t\t<\/div>\n\t\t\t\t\t<\/div>\n\t\t<\/div>\n\t\t\t\t\t<\/div>\n\t\t<\/section>\n\t\t\t\t<section class=\"elementor-section elementor-top-section elementor-element elementor-element-a62c151 elementor-section-boxed elementor-section-height-default elementor-section-height-default\" data-id=\"a62c151\" data-element_type=\"section\">\n\t\t\t\t\t\t<div class=\"elementor-container elementor-column-gap-default\">\n\t\t\t\t\t<div class=\"elementor-column elementor-col-100 elementor-top-column elementor-element elementor-element-6262f14\" data-id=\"6262f14\" data-element_type=\"column\">\n\t\t\t<div class=\"elementor-widget-wrap elementor-element-populated\">\n\t\t\t\t\t\t<div class=\"elementor-element elementor-element-8bcab69 elementor-widget elementor-widget-text-editor\" data-id=\"8bcab69\" data-element_type=\"widget\" data-widget_type=\"text-editor.default\">\n\t\t\t\t<div class=\"elementor-widget-container\">\n\t\t\t\t\t\t\t\t\t<p><\/p><p>REKISTERINPIT\u00c4J\u00c4N NIMI<\/p><p>laatutie Oy<\/p><p>Y-tunnus 2249457-4<\/p><p>Osoite: Brahenkatu 22 as 4<\/p><p>50100 Mikkeli<\/p><p>YHTEYDENOTOT REKISTERI\u00c4 KOSKEVISSA ASIOISSA<\/p><p>Olli Miettinen<\/p><p>puhelin: 0400 898 090<\/p><p>s\u00e4hk\u00f6posti: etunimi.sukunimi@laatutie.fi<\/p><p>REKISTERIN NIMI<\/p><p>Laatutie Oy:n markkinointi- ja asiakasrekisteri<\/p><p>HENKIL\u00d6TIETOJEN K\u00c4SITTELYN TARKOITUS<\/p><p>Rekisteriss\u00e4 olevia henkil\u00f6n kontaktitietoja k\u00e4ytet\u00e4\u00e4n Laatutie Oy:n myynninedist\u00e4mistarkoituksessa. Tietoja k\u00e4ytet\u00e4\u00e4n lis\u00e4ksi markkinointitoimenpiteit\u00e4 ja muuta tiedotusta varten asiakassuhteen yll\u00e4pit\u00e4miseksi.<\/p><p>REKISTERIN TIETOSIS\u00c4LT\u00d6<\/p><p>Rekisterin tietosis\u00e4lt\u00f6 koostuu seuraavista tiedoista. Riippuen k\u00e4ytt\u00f6tapauksesta on osa tiedoista pakollisia antaa k\u00e4sittelyn k\u00e4ytt\u00f6tarkoituksen t\u00e4ytt\u00e4miseksi.<\/p><ul><li>Henkil\u00f6n nimi<\/li><li>Henkil\u00f6n yhteystiedot (puhelinnumero, s\u00e4hk\u00f6posti)<\/li><li>Yrityksen tiedot jota henkil\u00f6 edustaa. (nimi, Y-tunnus, osoite, puhelinnumero, s\u00e4hk\u00f6posti)<\/li><li>Lis\u00e4tiedot (henkil\u00f6n j\u00e4tt\u00e4m\u00e4 lis\u00e4tieto, kuten vapaamuotoinen viesti tai palaute)<\/li><li>Muut tunnistetiedot (mm. henkil\u00f6n julkinen IP-osoite)<\/li><li>Seurantatiedot (s\u00e4hk\u00f6isten markkinointitoimenpiteiden seurantatiedot)<\/li><li>Ev\u00e4stetiedot (lue lis\u00e4\u00e4 ev\u00e4stek\u00e4yt\u00e4nn\u00f6st\u00e4mme j\u00e4ljemp\u00e4n\u00e4)<\/li><\/ul><p>S\u00c4\u00c4NN\u00d6NMUKAISET TIETOL\u00c4HTEET<\/p><p>Henkil\u00f6n itse antamat tiedot verkkopalvelussa olevilla lomakkeilla tai myynti- ja esittelytapahtumissa annetut tiedot sek\u00e4 verkkopalvelun automaattisesti ker\u00e4\u00e4m\u00e4 verkkopalvelun analysointia ja kehitt\u00e4mist\u00e4 tukeva aineisto.<\/p><p>TIETOJEN S\u00c4\u00c4NN\u00d6NMUKAISET LUOVUTUKSET TAI SIIRTO EU:N TAI ETA:N ULKOPUOLELLE<\/p><p>K\u00e4yt\u00e4mme uutiskirjeviestinn\u00e4ss\u00e4 yhdysvaltalaista MailChimp -s\u00e4hk\u00f6postipalvelua, jolloin henkil\u00f6tietoja siirtyy Euroopan Unionin ulkopuolelle. Henkil\u00f6tiedot ovat kuitenkin suojattuna henkil\u00f6tietolain edellytt\u00e4m\u00e4ll\u00e4 tavalla.<\/p><p>REKISTERIN SUOJAUKSEN PERIAATTEET<\/p><p>Rekisterin tiedot sijaitsevat s\u00e4hk\u00f6isen viestinn\u00e4n tietosuojalain mukaisissa suojatuissa ymp\u00e4rist\u00f6iss\u00e4.<\/p><p>TARKASTUS- JA KORJAUSOIKEUS<\/p><p>Jokaisella rekisteriin tietonsa j\u00e4tt\u00e4neell\u00e4 henkil\u00f6ll\u00e4 on oikeus tarkastaa omat rekisteriin tallennetut tietonsa sek\u00e4 vaatia niiden korjaamista. Korjauspyynt\u00f6 tehd\u00e4\u00e4n s\u00e4hk\u00f6postitse yhteyshenkil\u00f6n s\u00e4hk\u00f6postiosoitteeseen. Pyynt\u00f6 kohdistetaan oletuksena niihin henkil\u00f6tietoihin, jotka liittyv\u00e4t s\u00e4hk\u00f6postiosoitteeseen josta pyynt\u00f6 on l\u00e4hetetty, ellei pyynn\u00f6n l\u00e4hett\u00e4nytt\u00e4 henkil\u00f6\u00e4 tunnisteta jollain muulla tavalla.<\/p><p>MUUT HENKIL\u00d6TIETOJEN K\u00c4SITTELYYN LIITTYV\u00c4T OIKEUDET<\/p><p>Henkil\u00f6ll\u00e4 on oikeus kielt\u00e4\u00e4 rekisterinpit\u00e4j\u00e4\u00e4 k\u00e4sittelem\u00e4st\u00e4 h\u00e4nt\u00e4 itse\u00e4\u00e4n koskevia tietoja suoramainontaa, et\u00e4myynti\u00e4 tai muuta suoramarkkinointia sek\u00e4 markkina- ja mielipidetutkimusta varten. Mik\u00e4li henkil\u00f6 haluaa kielt\u00e4\u00e4 t\u00e4llaisen toiminnan, h\u00e4n voi tehd\u00e4 sen ottamalla yhteytt\u00e4 rekisterinpit\u00e4j\u00e4\u00e4n s\u00e4hk\u00f6postitse.<\/p><p>EV\u00c4STEET JA MUUT TUNNISTETIEDOT<\/p><p>Lomakkeilta l\u00e4hetettyjen tietojesi lis\u00e4ksi verkkopalvelussamme tallennetaan selaimeesi ev\u00e4steit\u00e4 ev\u00e4stek\u00e4yt\u00e4nt\u00f6mme mukaisesti.<\/p><p>MARKKINOINTIESTO<\/p><p>Voit halutessasi asettaa s\u00e4hk\u00f6postimarkkinointieston joko erillisell\u00e4 pyynn\u00f6ll\u00e4 tai jokaisen Jiiri Asiantuntijapalveluiden s\u00e4hk\u00f6isen asiakasviestin mukana tulevalla linkill\u00e4.<\/p><p>KIRJEPOSTINA TOIMITETTAVA VIESTINT\u00c4 JA MARKKINOINTI<\/p><p>Mik\u00e4li haluatte est\u00e4\u00e4 eri valmistajilta tulevat mainosviestit, voitte tehd\u00e4 sen suoraan valmistajan omaan rekisteriin, yhteystiedot valmistajan nettisivuilta. Laatutie Oy toimittaa omaa postia asiakasrekisteriins\u00e4 verrattain harvoin, keskim\u00e4\u00e4rin noin kerran vuodessa. Postimme liittyv\u00e4t asiakassuhteen hoitoon.<\/p><p>J\u00c4IK\u00d6 KYSYTT\u00c4V\u00c4\u00c4?<\/p><p>Mik\u00e4li henkil\u00f6tietojen k\u00e4sittelyst\u00e4 her\u00e4si kysytt\u00e4v\u00e4\u00e4, ole meihin rohkeasti yhteydess\u00e4.<\/p><p>Olli Miettinen<\/p><p>puhelin: 0400 898 090<\/p><p>s\u00e4hk\u00f6posti: etunimi.sukunimi@laatutie.fi<\/p><p><strong>EV\u00c4STEK\u00c4YT\u00c4NN\u00d6T<\/strong><\/p><p>EV\u00c4STEIST\u00c4 YLEISESTI<\/p><p>Verkkopalvelussamme k\u00e4ytet\u00e4\u00e4n ev\u00e4steit\u00e4 (cookies) k\u00e4ytt\u00e4j\u00e4kokemuksen kehitt\u00e4miseksi (seurantaev\u00e4steet) ja palvelussa olevien toimintojen mahdollistamiseksi (toiminnalliset ev\u00e4steet). Ev\u00e4ste on tekstitiedosto, joka palvelun sivulla k\u00e4ydess\u00e4 tallentuu k\u00e4ytt\u00e4j\u00e4n tietokoneelle m\u00e4\u00e4r\u00e4ajaksi. Halutessasi v\u00e4ltt\u00e4\u00e4 ev\u00e4steiden k\u00e4yt\u00f6n, voit m\u00e4\u00e4ritt\u00e4\u00e4 selaimesi asetukset niin, ettei ev\u00e4steit\u00e4 tallenneta k\u00e4yt\u00f6n aikana. T\u00e4m\u00e4 voi kuitenkin vaikuttaa heikent\u00e4v\u00e4sti sivuston toiminnallisuuksiin ja k\u00e4ytt\u00f6kokemukseen tai joissain tapauksissa est\u00e4\u00e4 k\u00e4yt\u00f6n kokonaan.<\/p><p>SEURANTAEV\u00c4STEET<\/p><p>Sivustolta ker\u00e4t\u00e4\u00e4n k\u00e4ytt\u00f6statistiikkaa, jonka tarkoituksena on sivuston seuranta, kehitt\u00e4minen ja markkinoinnin suunnitteleminen.<\/p><p>Lis\u00e4ksi sivustolla on k\u00e4yt\u00f6ss\u00e4 kohderyhm\u00e4- ja aihepiiritiedon ker\u00e4ys (Google Analytics Demographics), jolla yhdistet\u00e4\u00e4n k\u00e4ytt\u00e4j\u00e4n seurantatietoon mm. ik\u00e4, sukupuoli ja k\u00e4ytt\u00e4j\u00e4n kiinnostuksen aihepiirit. N\u00e4iden tietojen ker\u00e4\u00e4miseen liittyvi\u00e4 asetuksia voit muuttaa omalla Google-tilill\u00e4si.<\/p><p>Google Analytics -seurannan voit ottaa halutessasi pois k\u00e4yt\u00f6st\u00e4 selaimen lis\u00e4osalla (https:\/\/tools.google.com\/dlpage\/gaoptout\/).<\/p><p>TOIMINNALLISET EV\u00c4STEET<\/p><p>Verkkopalvelun toiminnalliset osa-alueet, jotka vaativat k\u00e4ytt\u00e4j\u00e4n kirjautumisen tai muun tunnistautumisen vaativat ev\u00e4steen toimiakseen. Ev\u00e4steen tietoihin tallennetaan tarvittavat tiedot k\u00e4ytt\u00e4j\u00e4st\u00e4 ja ev\u00e4ste poistetaan sen m\u00e4\u00e4r\u00e4ajan p\u00e4\u00e4tteeksi tai kun k\u00e4ytt\u00e4j\u00e4 suorittaa uloskirjautumisen.<\/p><p><\/p>\t\t\t\t\t\t\t\t<\/div>\n\t\t\t\t<\/div>\n\t\t\t\t\t<\/div>\n\t\t<\/div>\n\t\t\t\t\t<\/div>\n\t\t<\/section>\n\t\t\t\t<\/div>\n\t\t","protected":false},"excerpt":{"rendered":"<p>Tietosuojalauseke ja ev\u00e4stek\u00e4yt\u00e4nteet REKISTERINPIT\u00c4J\u00c4N NIMI laatutie Oy Y-tunnus 2249457-4 Osoite: Brahenkatu 22 as 4 50100 Mikkeli YHTEYDENOTOT REKISTERI\u00c4 KOSKEVISSA ASIOISSA Olli Miettinen puhelin: 0400 898 090 s\u00e4hk\u00f6posti: etunimi.sukunimi@laatutie.fi REKISTERIN NIMI Laatutie Oy:n markkinointi- ja asiakasrekisteri HENKIL\u00d6TIETOJEN K\u00c4SITTELYN TARKOITUS Rekisteriss\u00e4 olevia henkil\u00f6n kontaktitietoja k\u00e4ytet\u00e4\u00e4n Laatutie Oy:n myynninedist\u00e4mistarkoituksessa. Tietoja k\u00e4ytet\u00e4\u00e4n lis\u00e4ksi markkinointitoimenpiteit\u00e4 ja muuta tiedotusta varten asiakassuhteen [&hellip;]<\/p>\n","protected":false},"author":1,"featured_media":0,"parent":0,"menu_order":0,"comment_status":"closed","ping_status":"closed","template":"","meta":{"site-sidebar-layout":"no-sidebar","site-content-layout":"page-builder","ast-site-content-layout":"default","site-content-style":"default","site-sidebar-style":"default","ast-global-header-display":"","ast-banner-title-visibility":"","ast-main-header-display":"","ast-hfb-above-header-display":"","ast-hfb-below-header-display":"","ast-hfb-mobile-header-display":"","site-post-title":"disabled","ast-breadcrumbs-content":"","ast-featured-img":"disabled","footer-sml-layout":"","theme-transparent-header-meta":"default","adv-header-id-meta":"","stick-header-meta":"","header-above-stick-meta":"","header-main-stick-meta":"","header-below-stick-meta":"","astra-migrate-meta-layouts":"default","ast-page-background-enabled":"default","ast-page-background-meta":{"desktop":{"background-color":"","background-image":"","background-repeat":"repeat","background-position":"center center","background-size":"auto","background-attachment":"scroll","background-type":"","background-media":"","overlay-type":"","overlay-color":"","overlay-opacity":"","overlay-gradient":""},"tablet":{"background-color":"","background-image":"","background-repeat":"repeat","background-position":"center center","background-size":"auto","background-attachment":"scroll","background-type":"","background-media":"","overlay-type":"","overlay-color":"","overlay-opacity":"","overlay-gradient":""},"mobile":{"background-color":"","background-image":"","background-repeat":"repeat","background-position":"center center","background-size":"auto","background-attachment":"scroll","background-type":"","background-media":"","overlay-type":"","overlay-color":"","overlay-opacity":"","overlay-gradient":""}},"ast-content-background-meta":{"desktop":{"background-color":"var(--ast-global-color-5)","background-image":"","background-repeat":"repeat","background-position":"center center","background-size":"auto","background-attachment":"scroll","background-type":"","background-media":"","overlay-type":"","overlay-color":"","overlay-opacity":"","overlay-gradient":""},"tablet":{"background-color":"var(--ast-global-color-5)","background-image":"","background-repeat":"repeat","background-position":"center center","background-size":"auto","background-attachment":"scroll","background-type":"","background-media":"","overlay-type":"","overlay-color":"","overlay-opacity":"","overlay-gradient":""},"mobile":{"background-color":"var(--ast-global-color-5)","background-image":"","background-repeat":"repeat","background-position":"center center","background-size":"auto","background-attachment":"scroll","background-type":"","background-media":"","overlay-type":"","overlay-color":"","overlay-opacity":"","overlay-gradient":""}},"footnotes":""},"class_list":["post-11598","page","type-page","status-publish","hentry"],"_links":{"self":[{"href":"https:\/\/laatutie.fi\/index.php?rest_route=\/wp\/v2\/pages\/11598","targetHints":{"allow":["GET"]}}],"collection":[{"href":"https:\/\/laatutie.fi\/index.php?rest_route=\/wp\/v2\/pages"}],"about":[{"href":"https:\/\/laatutie.fi\/index.php?rest_route=\/wp\/v2\/types\/page"}],"author":[{"embeddable":true,"href":"https:\/\/laatutie.fi\/index.php?rest_route=\/wp\/v2\/users\/1"}],"replies":[{"embeddable":true,"href":"https:\/\/laatutie.fi\/index.php?rest_route=%2Fwp%2Fv2%2Fcomments&post=11598"}],"version-history":[{"count":2,"href":"https:\/\/laatutie.fi\/index.php?rest_route=\/wp\/v2\/pages\/11598\/revisions"}],"predecessor-version":[{"id":11600,"href":"https:\/\/laatutie.fi\/index.php?rest_route=\/wp\/v2\/pages\/11598\/revisions\/11600"}],"wp:attachment":[{"href":"https:\/\/laatutie.fi\/index.php?rest_route=%2Fwp%2Fv2%2Fmedia&parent=11598"}],"curies":[{"name":"wp","href":"https:\/\/api.w.org\/{rel}","templated":true}]}}